{"id":57,"date":"2023-11-16T01:07:52","date_gmt":"2023-11-16T01:07:52","guid":{"rendered":"https:\/\/www.recity.gr\/?page_id=57"},"modified":"2025-09-03T11:49:37","modified_gmt":"2025-09-03T11:49:37","slug":"bibliography","status":"publish","type":"page","link":"https:\/\/www.recity.gr\/?page_id=57","title":{"rendered":"Bibliography"},"content":{"rendered":"\n<h2 class=\"wp-block-heading\">\u03a0\u03b1\u03c1\u03b1\u03b4\u03bf\u03c4\u03ad\u03bf D3 \u0392\u03b9\u03b2\u03bb\u03b9\u03bf\u03b3\u03c1\u03b1\u03c6\u03b9\u03ba\u03ae \u03b5\u03c0\u03b9\u03c3\u03ba\u03cc\u03c0\u03b7\u03c3\u03b7<\/h2>\n\n\n\n<p><\/p>\n\n\n\n<p>\u03b4\u03b9\u03b1\u03b8\u03ad\u03c3\u03b9\u03bc\u03bf \u03ad\u03b3\u03b3\u03c1\u03b1\u03c6\u03bf <a href=\"https:\/\/www.recity.gr\/wp-content\/uploads\/2025\/09\/Deliverable-D3-Review-report-of-literature_new.pdf\">\u03b5\u03b4\u03ce<\/a><\/p>\n\n\n\n<h3 class=\"wp-block-heading\">\u0395\u03b9\u03c3\u03b1\u03b3\u03c9\u03b3\u03ae \u03c0\u03b1\u03c1\u03b1\u03b4\u03bf\u03c4\u03ad\u03bf\u03c5 D3 \u0392\u03b9\u03b2\u03bb\u03b9\u03bf\u03b3\u03c1\u03b1\u03c6\u03b9\u03ba\u03ae \u03b5\u03c0\u03b9\u03c3\u03ba\u03cc\u03c0\u03b7\u03c3\u03b7<\/h3>\n\n\n\n<p>\u00abO l\u00e0 l\u00e0, o l\u00e9 l\u00e9, solidarit\u00e9 avec les sans-papiers\u00bb<\/p>\n\n\n\n<p>(\u03b3\u03b1\u03bb\u03bb\u03b9\u03ba\u03cc \u03c3\u03cd\u03bd\u03b8\u03b7\u03bc\u03b1 \u00ab\u03b1\u03bb\u03bb\u03b7\u03bb\u03b5\u03b3\u03b3\u03cd\u03b7 \u03c3\u03c4\u03bf\u03c5\u03c2 \u03c7\u03c9\u03c1\u03af\u03c2 \u03c7\u03b1\u03c1\u03c4\u03b9\u03ac\u00bb)<\/p>\n\n\n\n<p>\u0397 \u03ad\u03bd\u03bd\u03bf\u03b9\u03b1 \u03c4\u03b7\u03c2 \u03b1\u03bb\u03bb\u03b7\u03bb\u03b5\u03b3\u03b3\u03cd\u03b7\u03c2 \u03ad\u03c7\u03b5\u03b9 \u03bc\u03b1\u03ba\u03c1\u03ac \u03c0\u03b1\u03c1\u03ac\u03b4\u03bf\u03c3\u03b7 \u03c3\u03c4\u03b9\u03c2 \u03ba\u03bf\u03b9\u03bd\u03c9\u03bd\u03b9\u03ba\u03ad\u03c2 \u03ba\u03b1\u03b9 \u03c0\u03bf\u03bb\u03b9\u03c4\u03b9\u03ba\u03ad\u03c2 \u03b5\u03c0\u03b9\u03c3\u03c4\u03ae\u03bc\u03b5\u03c2 \u03b5\u03ba\u03ba\u03b9\u03bd\u03ce\u03bd\u03c4\u03b1\u03c2 \u03b1\u03c0\u03cc \u03c4\u03bf \u03ad\u03c1\u03b3\u03bf \u03c4\u03bf\u03c5 Durkheim (1897) \u03c0\u03bf\u03c5 \u03c4\u03bf\u03bd\u03af\u03b6\u03b5\u03b9 \u03c4\u03b7\u03bd \u03b9\u03b4\u03ad\u03b1 \u03ba\u03b1\u03b9 \u03c4\u03b7\u03c2 \u03c3\u03b7\u03bc\u03b1\u03c3\u03af\u03b1\u03c2 \u03c4\u03b7\u03c2 \u03b3\u03b9\u03b1 \u03c4\u03b7\u03bd \u03ba\u03bf\u03b9\u03bd\u03c9\u03bd\u03b9\u03ba\u03ae \u03c3\u03c5\u03bd\u03bf\u03c7\u03ae \u03ba\u03b1\u03b8\u03ce\u03c2 \u03c3\u03c4\u03bf \u03ad\u03c1\u03b3\u03bf \u03c4\u03bf\u03c5 \u03b1\u03bd\u03b1\u03c1\u03c7\u03b9\u03ba\u03bf\u03cd \u03c3\u03c4\u03bf\u03c7\u03b1\u03c3\u03c4\u03ae Kropotkin (1902) \u03bf \u03bf\u03c0\u03bf\u03af\u03bf\u03c2 \u03c4\u03cc\u03bd\u03b9\u03c3\u03b5 \u03c4\u03b7\u03bd \u03b9\u03b4\u03ad\u03b1 \u03c4\u03b7\u03c2 \u03b1\u03bb\u03bb\u03b7\u03bb\u03bf\u03b2\u03bf\u03ae\u03b8\u03b5\u03b9\u03b1\u03c2. \u039c\u03b5 \u03c4\u03b7\u03bd \u03c0\u03ac\u03c1\u03bf\u03b4\u03bf \u03c4\u03bf\u03c5 \u03c7\u03c1\u03cc\u03bd\u03bf\u03c5 \u03ad\u03c7\u03b5\u03b9 \u03bc\u03ac\u03bb\u03bb\u03bf\u03bd \u03c0\u03b1\u03c1\u03b1\u03bc\u03b5\u03bb\u03b7\u03b8\u03b5\u03af \u03bc\u03ad\u03c7\u03c1\u03b9 \u03c0\u03bf\u03c5 \u03c4\u03b5\u03bb\u03b9\u03ba\u03ac \u03b1\u03bd\u03b1\u03b4\u03cd\u03b5\u03c4\u03b1\u03b9 \u03be\u03b1\u03bd\u03ac \u03c3\u03c4\u03bf \u03c0\u03bb\u03b1\u03af\u03c3\u03b9\u03bf \u03c4\u03b7\u03c2 \u03c0\u03b1\u03b3\u03ba\u03bf\u03c3\u03bc\u03b9\u03bf\u03c0\u03bf\u03af\u03b7\u03c3\u03b7\u03c2 \u03ba\u03b1\u03b8\u03ce\u03c2 \u03c4\u03c9\u03bd \u03c4\u03bf\u03c0\u03b9\u03ba\u03ce\u03bd \u03ba\u03b1\u03b9 \u03c0\u03b5\u03c1\u03b9\u03c6\u03b5\u03c1\u03b5\u03b9\u03b1\u03ba\u03ce\u03bd \u03ba\u03c1\u03af\u03c3\u03b5\u03c9\u03bd. \u0397 \u03b1\u03bb\u03bb\u03b7\u03bb\u03b5\u03b3\u03b3\u03cd\u03b7 \u03b4\u03b5\u03bd \u03b5\u03af\u03bd\u03b1\u03b9 \u03bc\u03cc\u03bd\u03bf \u03bc\u03b9\u03b1 \u03b8\u03b5\u03c9\u03c1\u03b7\u03c4\u03b9\u03ba\u03ae \u03ad\u03bd\u03bd\u03bf\u03b9\u03b1, \u03b5\u03af\u03bd\u03b1\u03b9 \u03b5\u03c0\u03af\u03c3\u03b7\u03c2 \u03ba\u03b5\u03bd\u03c4\u03c1\u03b9\u03ba\u03ae \u03b3\u03b9\u03b1 \u03ba\u03bf\u03b9\u03bd\u03c9\u03bd\u03b9\u03ba\u03ac \u03ba\u03b9\u03bd\u03ae\u03bc\u03b1\u03c4\u03b1, \u03c4\u03bf\u03c0\u03b9\u03ba\u03ad\u03c2 \u03ba\u03bf\u03b9\u03bd\u03c9\u03bd\u03af\u03b5\u03c2, \u03b1\u03bd\u03b8\u03c1\u03ce\u03c0\u03bf\u03c5\u03c2 \u03c3\u03b5 \u03ba\u03af\u03bd\u03b7\u03c3\u03b7 \u03b1\u03bb\u03bb\u03b1 \u03ba\u03b1\u03b9 \u03b3\u03b9\u03b1 \u03c6\u03bf\u03c1\u03b5\u03af\u03c2 \u03ac\u03c3\u03ba\u03b7\u03c3\u03b7\u03c2 \u03c0\u03bf\u03bb\u03b9\u03c4\u03b9\u03ba\u03ae\u03c2. \u038c\u03bb\u03bf\u03b9 \u03bf\u03b9 \u03c0\u03b1\u03c1\u03b1\u03c0\u03ac\u03bd\u03c9 \u03b1\u03bd\u03c4\u03b9\u03bc\u03b5\u03c4\u03c9\u03c0\u03af\u03b6\u03bf\u03c5\u03bd, \u03ae \u03ba\u03b1\u03b9 \u03b1\u03c1\u03ba\u03b5\u03c4\u03ad\u03c2 \u03c6\u03bf\u03c1\u03ad\u03c2 \u03b5\u03c1\u03b3\u03b1\u03bb\u03b5\u03b9\u03bf\u03c0\u03bf\u03b9\u03bf\u03cd\u03bd \u03c4\u03bf \u03b6\u03ae\u03c4\u03b7\u03bc\u03b1 \u03c4\u03b7\u03c2 \u03b1\u03bc\u03bf\u03b9\u03b2\u03b1\u03af\u03b1\u03c2 \u03c5\u03c0\u03bf\u03c3\u03c4\u03ae\u03c1\u03b9\u03be\u03b7\u03c2 \u03ba\u03b1\u03b9 \u03c0\u03ce\u03c2 \u03b5\u03b9\u03bd\u03b1\u03b9 \u03b4\u03c5\u03bd\u03b1\u03c4\u03bf \u03bd\u03b1 \u03b5\u03c0\u03b9\u03c4\u03b5\u03c5\u03c7\u03b8\u03b5\u03af \u03b7 \u03c3\u03c5\u03bd\u03b5\u03bd\u03bd\u03cc\u03b7\u03c3\u03b7 \u03b3\u03b9\u03b1 \u03c4\u03b7 \u03b2\u03b5\u03bb\u03c4\u03af\u03c9\u03c3\u03b7 \u03c4\u03c9\u03bd \u03bc\u03ad\u03c3\u03c9\u03bd \u03b4\u03b9\u03b1\u03b2\u03af\u03c9\u03c3\u03b7\u03c2.<\/p>\n\n\n\n<p>\u03a3\u03c4\u03bf \u03c0\u03b1\u03c1\u03b1\u03c0\u03ac\u03bd\u03c9 \u03c0\u03bb\u03b1\u03af\u03c3\u03b9\u03bf \u03b1\u03bd\u03c4\u03b9\u03ba\u03b5\u03af\u03bc\u03b5\u03bd\u03bf \u03c4\u03b7\u03c2 \u03b2\u03b9\u03b2\u03bb\u03b9\u03bf\u03b3\u03c1\u03b1\u03c6\u03b9\u03ba\u03ae\u03c2 \u03b1\u03bd\u03b1\u03c3\u03ba\u03cc\u03c0\u03b7\u03c3\u03b7\u03c2 \u03b1\u03c0\u03bf\u03c4\u03b5\u03bb\u03bf\u03cd\u03bd \u03bf\u03b9 \u03c0\u03cc\u03bb\u03b5\u03b9\u03c2, \u03bf\u03b9 \u03c0\u03cc\u03bb\u03b5\u03b9\u03c2 \u03c0\u03bf\u03c5 \u03b4\u03b9\u03b1\u03bc\u03bf\u03c1\u03c6\u03ce\u03bd\u03bf\u03bd\u03c4\u03b1\u03b9 \u03b4\u03b9\u03b1\u03c1\u03ba\u03ce\u03c2 \u03b1\u03c0\u03cc \u03bd\u03b5\u03bf\u03c6\u03b5\u03c1\u03bc\u03ad\u03bd\u03bf\u03c5\u03c2 \u03c0\u03bb\u03b7\u03b8\u03c5\u03c3\u03bc\u03bf\u03cd\u03c2. \u0395\u03b9\u03b4\u03b9\u03ba\u03cc\u03c4\u03b5\u03c1\u03b1 \u03b7 \u0391\u03b8\u03ae\u03bd\u03b1, \u03b7 \u0398\u03b5\u03c3\u03c3\u03b1\u03bb\u03bf\u03bd\u03af\u03ba\u03b7 \u03ba\u03b1\u03b9 \u03b7 \u039c\u03c5\u03c4\u03b9\u03bb\u03ae\u03bd\u03b7 \u03b4\u03b9\u03b1\u03c7\u03c1\u03bf\u03bd\u03b9\u03ba\u03ac \u03c7\u03b1\u03c1\u03b1\u03ba\u03c4\u03b7\u03c1\u03af\u03b6\u03bf\u03bd\u03c4\u03b1\u03b9 \u03b1\u03c0\u03cc \u03c0\u03bf\u03bb\u03bb\u03b1\u03c0\u03bb\u03ad\u03c2 \u03b9\u03c3\u03c4\u03bf\u03c1\u03af\u03b5\u03c2 \u03ad\u03bb\u03b5\u03c5\u03c3\u03b7\u03c2 \u03ba\u03b1\u03b9 \u03b5\u03b3\u03ba\u03b1\u03c4\u03ac\u03c3\u03c4\u03b1\u03c3\u03b7\u03c2 \u03c0\u03c1\u03bf\u03c3\u03c6\u03cd\u03b3\u03c9\u03bd. \u03a3\u03c4\u03b7 \u03c3\u03c5\u03b3\u03ba\u03b5\u03ba\u03c1\u03b9\u03bc\u03ad\u03bd\u03b7 \u03b2\u03b9\u03b2\u03bb\u03b9\u03bf\u03b3\u03c1\u03b1\u03c6\u03b9\u03ba\u03ae \u03b1\u03bd\u03b1\u03c3\u03ba\u03cc\u03c0\u03b7\u03c3\u03b7 \u03bc\u03b5\u03bb\u03b5\u03c4\u03ac\u03c4\u03b1\u03b9 \u03b7 \u03c3\u03c5\u03b6\u03ae\u03c4\u03b7\u03c3\u03b7 \u03c3\u03c7\u03b5\u03c4\u03b9\u03ba\u03ac \u03bc\u03b5 \u03c4\u03b7\u03bd \u03ac\u03c6\u03b9\u03be\u03b7 \u03c0\u03c1\u03bf\u03c3\u03c6\u03cd\u03b3\u03c9\u03bd \u03b1\u03c0\u03cc \u03c4\u03bf 2015 \u03ba\u03b1\u03b9 \u03bc\u03b5\u03c4\u03ac, \u03ba\u03b1\u03b9 \u03b7 \u03c0\u03c1\u03bf\u03bf\u03c0\u03c4\u03b9\u03ba\u03ae \u03c4\u03c9\u03bd \u03b1\u03bb\u03bb\u03b7\u03bb\u03ad\u03b3\u03b3\u03c5\u03c9\u03bd \u03c0\u03cc\u03bb\u03b5\u03c9\u03bd \u03c3\u03b5 \u03c3\u03c7\u03ad\u03c3\u03b7 \u03bc\u03b5 \u03c4\u03bf \u03b4\u03b9\u03ba\u03b1\u03af\u03c9\u03bc\u03b1 \u03c4\u03c9\u03bd \u03c0\u03c1\u03bf\u03c3\u03c6\u03cd\u03b3\u03c9\u03bd \u03c3\u03c4\u03b7 \u03c0\u03cc\u03bb\u03b7 \u03ba\u03b1\u03b9 \u03c4\u03b9\u03c2 \u03c0\u03c1\u03b1\u03ba\u03c4\u03b9\u03ba\u03ad\u03c2 \u03ba\u03bf\u03b9\u03bd\u03ce\u03bd.<\/p>\n\n\n\n<p><\/p>\n\n\n\n<p><\/p>\n\n\n\n<p><\/p>\n\n\n\n<p><strong>Selected bibliography on refugees\u2019 solidarity cities<\/strong><\/p>\n\n\n\n<p>Agust\u00edn, O. G. and J\u00f8rgensen, M. B. (2021). On transversal solidarity: An approach to migration and multi-scalar solidarities.&nbsp;<em>Critical Sociology<\/em>, 47(6) 857\u2013873.<\/p>\n\n\n\n<p>Agust\u00edn, O. G. and J\u00f8rgensen, M. B. (2019). Solidarity cities and cosmopolitanism from below: Barcelona as a refugee city.&nbsp;<em>Social Inclusion<\/em>, 7(2), 198\u2013207.<\/p>\n\n\n\n<p>Ata\u00e7, I., Rygiel, K. and Stierl, M. (2021). Building transversal solidarities in European cities: Open harbours, safe communities, home.&nbsp;<em>Critical Sociology<\/em>, 47(6), 923\u2013939.<\/p>\n\n\n\n<p>Ata\u00e7, I., Rygiel K. and Stierl, M. (2016). Introduction: The contentious politics of refugee and migrant protest and solidarity movements: Remaking citizenship from the margins.&nbsp;<em>Citizenship Studies<\/em>, 20(5), 527\u2013544.<\/p>\n\n\n\n<p>Baban, F. and Rygiel, K. (eds) 2020.&nbsp;<em>Fostering Pluralism through Solidarity Activism in Europe Everyday Encounters with Newcomers<\/em>. New York: Palgrave MacMillan.<\/p>\n\n\n\n<p>Bauder, H. (2021). Urban solidarity: Perspectives of migration and refugee accommodation and inclusion.&nbsp;<em>Critical Sociology<\/em>, 47(6), 875\u2013889.<\/p>\n\n\n\n<p>Bauder, H. (2021). Urban migrant and refugee solidarity beyond city limits.&nbsp;<em>Urban Studies<\/em>, 58(16), 3213\u20133229.<\/p>\n\n\n\n<p>Bauder, H. (2020). Migrant solidarities and the politics of place.&nbsp;<em>Progress in Human Geography<\/em>, 44(6), 1066\u20131080.<\/p>\n\n\n\n<p>Bauder, H. (2016). Sanctuary cities: policies and practices in international perspective.&nbsp;<em>International Migration<\/em>, DOI: 10.1111\/imig.12308<\/p>\n\n\n\n<p>Beno\u00eet Carbone, M. (2023). Migrants, refugees, invaders: responses to the Riace Model\u2019s inclusive citizenship project.&nbsp;<em>Journal of Modern Italian Studies<\/em>, DOI: 10.1080\/1354571X.2023.2198288<\/p>\n\n\n\n<p>Cabot, H. 2020. Solidarity in Greece and the Management of Difference. In McKowen, K. and Borneman J. (eds.)&nbsp;<em>Digesting Difference, Migrant Incorporation and Mutual Belonging in Europe<\/em>&nbsp;(pp.227-249). New York: Palgrave MacMillan.<\/p>\n\n\n\n<p>Cantat, C. 2021. Refugee solidarity across the Balkan route Journal of Refugee Studies, 34(2), 1348\u20131369.<\/p>\n\n\n\n<p>Darling, J. and Bauder, H. (2019).&nbsp;<em>Sanctuary Cities and Urban Struggles. Rescaling Migration, Citizenship, and Rights<\/em>. Manchester: Manchester University Press.<\/p>\n\n\n\n<p>Darling, J. (2017). Forced migration and the city: Irregularity, informality, and the politics of presence.&nbsp;<em>Progress in Human Geography<\/em>,&nbsp;<em>41<\/em>(2), 178\u2013198.<\/p>\n\n\n\n<p>Della Porta, D. (ed.) (2018).&nbsp;<em>Solidarity mobilizations in the \u201crefugee crisis\u201d<\/em>. London: Palgrave Macmillan.<\/p>\n\n\n\n<p>Fisher, L. and J\u00f8rgensen, M.B. (2021). \u201cWe are here to stay\u201d vs. \u201cEurope\u2019s best hotel\u201d: Hamburg and Athens as Geographies of Solidarity.&nbsp;<em>Antipode<\/em>, 53(4), 1062\u20131082.<\/p>\n\n\n\n<p>Fotaki, M. 2021. Solidarity in crisis? Community responses to refugees and forced migrants in the Greek islands.&nbsp;<em>Organization<\/em>, 29(2), 295\u2013323.<\/p>\n\n\n\n<p>J\u00f8rgensen, M. B., and Schierup, C.-U. (2021). Transversal solidarities and the city: An introduction to the special issue.&nbsp;<em>Critical Sociology<\/em>, 47(6), 845\u2013855.<\/p>\n\n\n\n<p>Hatziprokopiou, P., Frangopoulos, Y. and Montagna, N. (2016). Migration and the city. Diversity, migrant economies and urban space. Introduction.&nbsp;<em>City<\/em>, 20(1), 52\u201360.<\/p>\n\n\n\n<p>Kanellopoulos, K., Duru, D. N., Zschache, U., Loukakis, A., Kousis, M. and Trenz, H.-J. (2021). Transnational solidarity, migration, and the refugee crisis: (In)Formal organising and political environments in Greece, Germany, and Denmark.&nbsp;<em>Sociological Research Online<\/em>,&nbsp;<em>26<\/em>(3), 717\u2013738.<\/p>\n\n\n\n<p>Kapsali, M. and Karaliotas, L. (2021). Equals in solidarity: Orfanotrofio\u2019s housing squat as a site for political subjectification across differences amid the \u201cGreek Crisis\u201d.&nbsp;<em>Antipode<\/em>, 53(2), 399\u2013421.<\/p>\n\n\n\n<p>Koos, S. and Seibel, V. (2019) Solidarity with refugees across Europe. A comparative analysis of public support for helping forced migrants.&nbsp;<em>European Societies<\/em>, 21(5), 704\u2013728.<\/p>\n\n\n\n<p>Kourachanis, N. 2019. From Camps to Social Integration? Social Housing Interventions for Asylum Seekers in Greece.&nbsp;<em>International Journal of Sociology and Social Policy<\/em>, 39 (3\/4), 221\u2013234.<\/p>\n\n\n\n<p>Kox, M. and van Liempt, I. (2022). \u201cI have to start all over again.\u201d The role of institutional and personal arrival infrastructures in refugees\u2019 home-making processes in Amsterdam.&nbsp;<em>Comparative Population Studies,<\/em>&nbsp;47, 165\u2013184.<\/p>\n\n\n\n<p>Kreichauf, R. and Mayer, M. (2021). Negotiating urban solidarities: multiple agencies and contested meanings in the making of solidarity cities.&nbsp;<em>Urban Geography<\/em>, 42(7), 979-1002.<\/p>\n\n\n\n<p>Lafazani, O. (2018). Homeplace Plaza: Challenging the border between host and hosted.&nbsp;<em>South Atlantic Quarterly,<\/em>&nbsp;117(4), 896\u2013904.<\/p>\n\n\n\n<p>Lambert, S. and Swerts, T. (2019). \u201cFrom sanctuary to welcoming cities\u201d: Negotiating the social inclusion of undocumented migrants in Li\u00e8ge, Belgium.&nbsp;<em>Social Inclusion<\/em>, 7(4), 90\u201399.<\/p>\n\n\n\n<p>Mayer, M. (2018).&nbsp;Cities as sites of refuge and resistance.&nbsp;<em>European Urban and Regional Studies<\/em>&nbsp;,&nbsp;<em>25<\/em>(3), 232-249.<\/p>\n\n\n\n<p>Meeus, B., Beeckmans, L., van Heur, B. and Arnaut, K. (2020). Broadening the urban planning repertoire with an \u2018arrival infrastructures\u2019 perspective.&nbsp;<em>Urban Planning<\/em>, 5(3), 11\u201322.<\/p>\n\n\n\n<p>Meeus, B., Arnaut, K. and van Heur, B. (2019).&nbsp;<em>Arrival Infrastructures. Migration and Urban Social Mobilities<\/em>. Palgrave Macmillan.<\/p>\n\n\n\n<p>Milan, C. and Chiodi, L. 2022. Grassroots European Solidarity Italian Solidarity Movements in the Western Balkans in the 1990s and 2020s and Their Visions of Europe.&nbsp;<em>Southeastern Europe<\/em>, 46, 248\u2013270.<\/p>\n\n\n\n<p>Mosselson, A. 2021. Cities of sanctuary in environments of hostility: Competing and contrasting migration infrastructures.&nbsp;<em>Antipode<\/em>, 53(6), 1725\u20131744.<\/p>\n\n\n\n<p>Oosterlynck, S., Loopmans, M., Schuermans, N., Vandenabeele, J. and Zemni S. (2016). Putting flesh to the bone: looking for solidarity in diversity, here and now.&nbsp;<em>Ethnic and Racial Studies<\/em>, 39(5), 764-782.<\/p>\n\n\n\n<p>Ozdemir, G.S. (2022). Urban solidarity typology: A comparison of European cities since the crisis of refuge in 2015.&nbsp;<em>Cities<\/em>, 130, 103976.<\/p>\n\n\n\n<p>Papataxiarchis, E. (2022). An ephemeral patriotism: The rise and fall of \u2018solidarity to refugees\u2019. In Kousis, M., Chatzidaki, A. and Kafetsios, K. (eds.) Challenging Mobilities in and to the EU during Times of Crises The Case of Greece. Springer (pp. 163\u2013184).<\/p>\n\n\n\n<p>Papatzani, E., Hatziprokopiou, P., Vlastou-Dimopoulou, F. and Siotou, A. (2022). On not staying put where they have put you: Mobilities disrupting the socio-spatial figurations of displacement in Greece.&nbsp;<em>Journal of Ethnic and Migration Studies<\/em>, 48(18), 4383\u20134401.<\/p>\n\n\n\n<p>Papatzani, E., Psallidaki, T., Kandylis, G. and Micha, I. (2022). Multiple geographies of precarity: Accommodation policies for asylum seekers in metropolitan Athens, Greece.&nbsp;<em>European Urban and Regional Studies<\/em>, 29(2) 189\u2013203.<\/p>\n\n\n\n<p>Patteri A. (2022). \u201cWhere migrants are, where they gather\u201d: exploring solidarity on the move in Calais after the \u201cjungle\u201d.&nbsp;<em>Mobilities<\/em>, 17(6), 867\u2013884.<\/p>\n\n\n\n<p>Pechlidou, \u0395., Frangopoulos, \u03a5. and Hatziprokopiou, P. (2020). The spatial management of the \u201cmigration crisis\u201d and local opposition: Public discourse, actors and reactions against refugee accommodation in Thessaloniki. In A. S. Markou &amp; M. Zlatkova (Eds.),&nbsp;<em>Post-urbanities, cultural reconsiderations and tourism in the Balkans<\/em>&nbsp;(pp. 137\u2013160). Athens: \u00c9ditions H\u00earodotos.<\/p>\n\n\n\n<p>Ram\u00edrez March, A. 2022. Humanitarian capture, solidarity\u2019s excess: Affect, experience, and the mobile commons in migrant solidarity.&nbsp;<em>Antipode<\/em>, 54(2), 567\u2013585.<\/p>\n\n\n\n<p>Rozakou, K. (2017). Solidarians in the land of Xenios Zeus. Migrant deportability and the radicalisation of solidarity. In Dalakoglou, D. and Agelopoulos, G. (eds)&nbsp;<em>Critical Times in Greece<\/em>. Routledge.<\/p>\n\n\n\n<p>Rozakou, K. (2017). Solidarity# humanitarianism: The blurred boundaries of humanitarianism in Greece Authors<em>. Etnofoor<\/em>, 29(2), 99\u2013104.<\/p>\n\n\n\n<p>Rozakou, K. (2016). Socialities of solidarity: revisiting the gift taboo in times of crises.&nbsp;<em>Social Anthropology,<\/em>&nbsp;24(2), 185\u2013199.<\/p>\n\n\n\n<p>Rozakou, K. (2012). The biopolitics of hospitality in Greece: Humanitarianism and the management of refugees.&nbsp;<em>American Ethnologist<\/em>, 39(3), 563\u2013578.<\/p>\n\n\n\n<p>Sabchev, T. (2022). Potential and limits of municipal solidarity with refugees: A case study of the Greek island of Tilos.&nbsp;<em>Journal of Immigrant &amp; Refugee Studies<\/em>, DOI: 10.1080\/15562948.2022.2077502.<\/p>\n\n\n\n<p>Saltiel, R. (2020). Urban arrival infrastructures between political and humanitarian support: The \u2018refugee welcome\u2019 mo(ve)ment revisited.&nbsp;<em>Urban Planning<\/em>, 5(3), 67\u201377.<\/p>\n\n\n\n<p>Siim, B. and Meret, S. (2021). Patterns of reflective solidarity and migrant resistance in Copenhagen and Berlin.&nbsp;<em>Critical Sociology<\/em>, 47(2), 219\u2013233.<\/p>\n\n\n\n<p>Trimikliniotis, N., Parsanoglou, D. and Tsianos, V. (2015).&nbsp;<em>Mobile Commons, Migrant Digitalities And The Right To The City<\/em>. New York: Palgrave MacMillan.<\/p>\n\n\n\n<p>Tsavdaroglou, C. and Lalenis, K. (2023). Post-democratic governance in refugee camps versus newcomers\u2019 architectural housing commons in Athens and Thessaloniki.&nbsp;<em>The Journal of Architecture<\/em>, 28(1), 50-74.<\/p>\n\n\n\n<p>Tsavdaroglou, C. and Kaika, M. (2022). The refugees\u2019 right to the centre of the city. City branding versus city commoning in Athens.&nbsp;<em>Urban Studies<\/em>, 59(6), 1130\u20131147.<\/p>\n\n\n\n<p>Tsavdaroglou, C. (2019). Reimagining a transnational right to the city: No Border actions and commoning practices in Thessaloniki.&nbsp;<em>Social Inclusion<\/em>, 7(2), 219\u2013229.<\/p>\n\n\n\n<p>Tsavdaroglou, C., Giannopoulou, C., Petropoulou, C. and Pistikos, I. (2019). Acts for refugees\u2019 right to the city and commoning practices of care-tizenship in Athens, Mytilene and Thessaloniki.&nbsp;<em>Social Inclusion<\/em>, 7(4), 119\u2013130.<\/p>\n\n\n\n<p>Tsavdaroglou, C. (2018). The newcomers\u2019 right to the common space: The case of Athens during the migrant crisis.&nbsp;<em>ACME<\/em>, 17(2), 376\u2013401.<\/p>\n\n\n\n<p>Vacca, R., Ca\u00f1arte, D. and Vitale, T. (2022). Beyond ethnic solidarity: the diversity and specialisation of social ties in a stigmatised migrant minority.&nbsp;<em>Journal of Ethnic and Migration Studies<\/em>, 48(13), 3113-3141.<\/p>\n","protected":false},"excerpt":{"rendered":"<p>\u03a0\u03b1\u03c1\u03b1\u03b4\u03bf\u03c4\u03ad\u03bf D3 \u0392\u03b9\u03b2\u03bb\u03b9\u03bf\u03b3\u03c1\u03b1\u03c6\u03b9\u03ba\u03ae \u03b5\u03c0\u03b9\u03c3\u03ba\u03cc\u03c0\u03b7\u03c3\u03b7 \u03b4\u03b9\u03b1\u03b8\u03ad\u03c3\u03b9\u03bc\u03bf \u03ad\u03b3\u03b3\u03c1\u03b1\u03c6\u03bf \u03b5\u03b4\u03ce \u0395\u03b9\u03c3\u03b1\u03b3\u03c9\u03b3\u03ae \u03c0\u03b1\u03c1\u03b1\u03b4\u03bf\u03c4\u03ad\u03bf\u03c5 D3 \u0392\u03b9\u03b2\u03bb\u03b9\u03bf\u03b3\u03c1\u03b1\u03c6\u03b9\u03ba\u03ae \u03b5\u03c0\u03b9\u03c3\u03ba\u03cc\u03c0\u03b7\u03c3\u03b7 \u00abO l\u00e0 l\u00e0, o l\u00e9 l\u00e9, solidarit\u00e9 avec les sans-papiers\u00bb (\u03b3\u03b1\u03bb\u03bb\u03b9\u03ba\u03cc \u03c3\u03cd\u03bd\u03b8\u03b7\u03bc\u03b1 \u00ab\u03b1\u03bb\u03bb\u03b7\u03bb\u03b5\u03b3\u03b3\u03cd\u03b7 \u03c3\u03c4\u03bf\u03c5\u03c2 \u03c7\u03c9\u03c1\u03af\u03c2 \u03c7\u03b1\u03c1\u03c4\u03b9\u03ac\u00bb) \u0397 \u03ad\u03bd\u03bd\u03bf\u03b9\u03b1 \u03c4\u03b7\u03c2 \u03b1\u03bb\u03bb\u03b7\u03bb\u03b5\u03b3\u03b3\u03cd\u03b7\u03c2 \u03ad\u03c7\u03b5\u03b9 \u03bc\u03b1\u03ba\u03c1\u03ac \u03c0\u03b1\u03c1\u03ac\u03b4\u03bf\u03c3\u03b7 \u03c3\u03c4\u03b9\u03c2 \u03ba\u03bf\u03b9\u03bd\u03c9\u03bd\u03b9\u03ba\u03ad\u03c2 \u03ba\u03b1\u03b9 \u03c0\u03bf\u03bb\u03b9\u03c4\u03b9\u03ba\u03ad\u03c2 \u03b5\u03c0\u03b9\u03c3\u03c4\u03ae\u03bc\u03b5\u03c2 \u03b5\u03ba\u03ba\u03b9\u03bd\u03ce\u03bd\u03c4\u03b1\u03c2 \u03b1\u03c0\u03cc \u03c4\u03bf \u03ad\u03c1\u03b3\u03bf \u03c4\u03bf\u03c5 Durkheim (1897) \u03c0\u03bf\u03c5 \u03c4\u03bf\u03bd\u03af\u03b6\u03b5\u03b9 \u03c4\u03b7\u03bd \u03b9\u03b4\u03ad\u03b1 \u03ba\u03b1\u03b9 \u03c4\u03b7\u03c2 \u03c3\u03b7\u03bc\u03b1\u03c3\u03af\u03b1\u03c2 \u03c4\u03b7\u03c2 [&hellip;]<\/p>\n","protected":false},"author":1,"featured_media":0,"parent":0,"menu_order":0,"comment_status":"closed","ping_status":"closed","template":"","meta":{"footnotes":""},"class_list":["post-57","page","type-page","status-publish","hentry"],"_links":{"self":[{"href":"https:\/\/www.recity.gr\/index.php?rest_route=\/wp\/v2\/pages\/57","targetHints":{"allow":["GET"]}}],"collection":[{"href":"https:\/\/www.recity.gr\/index.php?rest_route=\/wp\/v2\/pages"}],"about":[{"href":"https:\/\/www.recity.gr\/index.php?rest_route=\/wp\/v2\/types\/page"}],"author":[{"embeddable":true,"href":"https:\/\/www.recity.gr\/index.php?rest_route=\/wp\/v2\/users\/1"}],"replies":[{"embeddable":true,"href":"https:\/\/www.recity.gr\/index.php?rest_route=%2Fwp%2Fv2%2Fcomments&post=57"}],"version-history":[{"count":6,"href":"https:\/\/www.recity.gr\/index.php?rest_route=\/wp\/v2\/pages\/57\/revisions"}],"predecessor-version":[{"id":303,"href":"https:\/\/www.recity.gr\/index.php?rest_route=\/wp\/v2\/pages\/57\/revisions\/303"}],"wp:attachment":[{"href":"https:\/\/www.recity.gr\/index.php?rest_route=%2Fwp%2Fv2%2Fmedia&parent=57"}],"curies":[{"name":"wp","href":"https:\/\/api.w.org\/{rel}","templated":true}]}}